{"id":2156924,"date":"2021-02-02T22:30:25","date_gmt":"2021-02-02T15:30:25","guid":{"rendered":"https:\/\/nursing.ui.ac.id\/?page_id=2156924"},"modified":"2024-12-07T05:12:44","modified_gmt":"2024-12-06T22:12:44","slug":"agungwaluyo","status":"publish","type":"page","link":"https:\/\/nursing.ui.ac.id\/en\/agungwaluyo\/","title":{"rendered":"Lecturer Profile : Prof. Agung Waluyo, S.Kp, M.Sc, P.hD"},"content":{"rendered":"<p><strong><img decoding=\"async\" class=\"wp-image-2156925 alignleft\" src=\"https:\/\/nursing.ui.ac.id\/wp-content\/uploads\/sites\/44\/2021\/02\/pas_foto-agung-waluyo-731x1024.jpg\" alt=\"\" width=\"143\" height=\"201\" srcset=\"https:\/\/nursing.ui.ac.id\/wp-content\/uploads\/sites\/44\/2021\/02\/pas_foto-agung-waluyo-731x1024.jpg 731w, https:\/\/nursing.ui.ac.id\/wp-content\/uploads\/sites\/44\/2021\/02\/pas_foto-agung-waluyo-600x840.jpg 600w, https:\/\/nursing.ui.ac.id\/wp-content\/uploads\/sites\/44\/2021\/02\/pas_foto-agung-waluyo-214x300.jpg 214w, https:\/\/nursing.ui.ac.id\/wp-content\/uploads\/sites\/44\/2021\/02\/pas_foto-agung-waluyo-768x1075.jpg 768w, https:\/\/nursing.ui.ac.id\/wp-content\/uploads\/sites\/44\/2021\/02\/pas_foto-agung-waluyo-1097x1536.jpg 1097w, https:\/\/nursing.ui.ac.id\/wp-content\/uploads\/sites\/44\/2021\/02\/pas_foto-agung-waluyo-1463x2048.jpg 1463w, https:\/\/nursing.ui.ac.id\/wp-content\/uploads\/sites\/44\/2021\/02\/pas_foto-agung-waluyo.jpg 1500w\" sizes=\"(max-width: 143px) 100vw, 143px\" \/><\/strong><\/p>\n<h4><\/h4>\n<h4><\/h4>\n<p>&nbsp;<\/p>\n<p>&nbsp;<\/p>\n<h4><strong>Prof. Agung Waluyo, S.Kp, M.Sc, P.hD<\/strong><\/h4>\n<h6><strong>Professor | <\/strong><strong>Department of Medical Surgical Nursing<\/strong><\/h6>\n<table style=\"width: 100%;\">\n<tbody>\n<tr>\n<td style=\"width: 13.809%;\"><\/td>\n<td style=\"width: 85.2705%;\"><strong>Contact<\/strong><\/p>\n<p>Building &amp; Room : Gedung E Rumpun Ilmu Kesehatan lt. 7, Ruang Departemen Keperawatan Medikal Bedah<br \/>\nAddress (office) : Jl. Prof. Dr. Bahder Djohan, Kampus UI Depok<br \/>\nEmail : <a href=\"mailto:agungwss@ui.ac.id\">agungwss@ui.ac.id<\/a><\/p>\n<p><strong>Education<\/strong><\/p>\n<p>Doctoral Program, College of Nursing, University of Illinois at Chicago, Chicago, Illinois, PhD (Nursing), 2007 \u2013 2011.<br \/>\nMaster Program: Liverpool John Moores University, M.Sc. Health Care Practice (Nursing), Liverpool, England, 1998 \u2013 2000.<br \/>\nBachelor Program: Universitas Indonesia, SKp, Depok, Indonesia 1988 \u2013 1993.<\/p>\n<p><strong>Professional membership<\/strong><\/p>\n<p>Chairman of Oncology Nursing Collegium (2017 \u2013 now)<br \/>\nMember of National Collaboration Department Indonesian National Nursing Association DPP PPNI (2018 \u2013 now)<br \/>\nMember Indonesian National Nursing Association (PPNI) (1994 \u2013 now)<br \/>\nMember of Sigma Theta Tau International, Honor Society of Nursing at 033 Alpha Lambda Chapter, University of Illinois at Chicago, College of Nursing (2009 \u2013 now).<\/p>\n<p><strong>About<\/strong><\/p>\n<p style=\"text-align: justify;\">Agung Waluyo, is associate professor in the Medical Surgical Nursing department Faculty of Nursing Universitas Indonesia (FoN-UI) and his research area is HIV &amp; AIDS, Oncology and Human Resource for Health. From 2006 to 2007 Agung served as National Consultant at the WHO office in Jakarta on the Human Resources for Health, Nursing and Midwifery area. Agung and researchers from faculty of medicine and faculty of nursing have just completed a multiyear research Grant Research 2013-2015 from DIKTI KEMDIKNAS on HIV and AIDS Education Model to minimize stigma for people living with HIV (PLWH) for Medical-Nursing-Midwifery students. In addition, Agung has also completed an international collaborative research with researchers from the University of Illinois at Chicago, Dr. Gabriel Culbert. From the joint research have been published 4 international publications. The publications can be seen on the Scopus &amp; Google Scholar. The international collaborative research is continuing with the new study titled Piloting a Medication Adherence Intervention (ATHENA) with HIV+ Prisoners in Indonesia. This study is started in 2017 until early 2021. Meanwhile receiving NIH Grant from NIH for ATHENA study, the international research collaboration establishing new study grant from NIH starting 2020 \u2013 2022 with the title of study A Provider-Assisted HIV Partner Notification &amp; Testing Intervention for Prisoners in Indonesia.<\/p>\n<p><strong>Selected Grants<\/strong><\/p>\n<ul>\n<li>IMPART: A Provider-Assisted HIV Partner Notification &amp; Testing Intervention for Prisoners in Indonesia, NIH-USA, National Institute of Mental Health, (Local Principal investigator) Multi Years Grants, 2019 \u2013 2022<\/li>\n<li>Training in Nursing Interventions for HIV and Addiction in Criminal Justice Settings, NIH-USA, National Institute on Drug Abuse, (co-investigator), Multi Years Grants, 2018 \u2013 2020<\/li>\n<li>Model Pendidikan HIV\/AIDS Holistik Dalam Meminimalkan Stigma terhadap ODHA di Program Studi Kedokteran-Keperawatan-Kebidanan Penelitian Terapan Unggulan Perguruan Tinggi RISTEK DIKTI, (Ketua), Multi Years, Tahun 2013 \u2013 2015<\/li>\n<li>\u201cDesa Ramah ODHA\u201d Layanan Kesehatan HIV Terintegrasi Perawatan Primer Berbasis Masyarakat: Upaya Percepatan Eliminasi TB-HIV HIBAH Penelitian Kerjasama Antar Perguruan Tinggi RISTEK DIKTI, (Anggota), Multi Years, Tahun 2018 \u2013 2019<\/li>\n<li>\u201cCausal Modelling\u201d \u201cStres Psikologis, Efikasi Diri, Dan Perawatan Pasien Diabetes Mellitus HIBAH Penelitian Pasca Doktor RISTEK DIKTI, (Anggota), Multi Years, Tahun 2017 \u2013 2019<\/li>\n<li>Integrasi Jaminan Kesehatan Nasional dan proteksi sosial dalam upaya pemberantasan tuberkulosis di Indonesia HIBAH Penelitian Unggulan Strategis Nasional RISTEK DIKTI, (Anggota), Tahun 2016<\/li>\n<\/ul>\n<p><strong>Selected Publications<\/strong><\/p>\n<ul>\n<li><a href=\"https:\/\/www.ncbi.nlm.nih.gov\/pmc\/articles\/PMC4519004\/\">Understanding HIV-related Stigma Among Indonesian Nurses<\/a><br \/>\nJournal of the Association of Nurses in AIDS Care<br \/>\n2015 | journal-article<br \/>\nDOI: 10.1016\/j.jana.2014.03.001EID: 2-s2.0-84922646474<\/li>\n<li><a href=\"https:\/\/www.ncbi.nlm.nih.gov\/pmc\/articles\/PMC5108518\/\">Within-prison drug injection among HIV-infected male prisoners in Indonesia: A highly constrained choice<\/a><br \/>\nDrug and Alcohol Dependence<br \/>\n2015 | journal-article<br \/>\nDOI: 10.1016\/j.drugalcdep.2015.01.018EID: 2-s2.0-84926172840<\/li>\n<li><a href=\"https:\/\/www.ncbi.nlm.nih.gov\/pmc\/articles\/PMC4600662\/\">Correlates and Experiences of HIV Stigma in Prisoners Living With HIV in Indonesia: A Mixed-Method Analysis<\/a><br \/>\nJournal of the Association of Nurses in AIDS Care<br \/>\n2015 | journal-article<br \/>\nDOI: 10.1016\/j.jana.2015.07.006EID: 2-s2.0-84943271584<\/li>\n<li><a href=\"https:\/\/www.ncbi.nlm.nih.gov\/pmc\/articles\/PMC4805506\/\">The Influence of Medication Attitudes on Utilization of Antiretroviral Therapy (ART) in Indonesian Prisons<\/a><br \/>\nAIDS and Behavior<br \/>\n2016 | journal-article<br \/>\nDOI: 10.1007\/s10461-015-1198-4EID: 2-s2.0-84944562481<\/li>\n<li><a href=\"https:\/\/www.researchgate.net\/publication\/333377662_Difficulties_in_performing_prayers_as_a_muslim_transgender_individual\">Difficulties in performing prayers as a muslim transgender individual<\/a><br \/>\nJournal of International Dental and Medical Research<br \/>\n2019 | journal-article<br \/>\nEID: 2-s2.0-85065635800<\/li>\n<li><a href=\"https:\/\/www.researchgate.net\/publication\/342573552_Exploring_the_acceptability_of_HIV_partner_notification_in_prisons_Findings_from_a_survey_of_incarcerated_people_living_with_HIV_in_Indonesia\">Exploring the acceptability of HIV partner notification in prisons: Findings from a survey of incarcerated people living with HIV in Indonesia<\/a><br \/>\nCulbert, G.J., Waluyo, A., Earnshaw, V.A.<br \/>\nPLoS ONE, 2020, 15(6), e0234697<\/li>\n<li><a href=\"https:\/\/www.researchgate.net\/publication\/344230617_The_Effect_Of_Frequency_Of_Dressing_Replacement_With_01_Betaine-Polyhexanide_Solution_On_The_Formation_Of_Collagen_And_Epithelial_Tissue_In_Albino_Wistar_Rats_With_Grade_Iia_Burns\">The effect of frequency of dressing replacement with 0.1% betaine-polyhexanide solution on the formation of collagen and epithelial tissue in albino wistar rats with grade iia burns | Effet de la fr\u00e9quence de changement d\u2019un pansement \u00e0 la b\u00e9ta\u00efne-polyhexanide 0,1% sur la formation de collag\u00e8ne et de tissu \u00e9pith\u00e9lial apr\u00e8s br\u00fblure du 2\u00c8ME degr\u00e9 superfi-ciel chez le rat wistar albinos<\/a><br \/>\nKristianto, H., Paundralingga, O.T.K., Purwantiningrum, D.A., &#8230;Primasari, R.O., Waluyo, A.<br \/>\nAnnals of Burns and Fire Disasters, 2020, 33(2), pp. 126\u2013133<\/li>\n<li><a href=\"https:\/\/www.researchgate.net\/publication\/344605143_Neuromuscular_taping_application_opportunities_in_nursing_a_literature_review\">Neuromuscular taping application opportunities in nursing: A literature review<\/a><br \/>\nKristianto, H., Waluyo, A., Yunir, E., Gayatri, D., Blow, D.<br \/>\nCentral European Journal of Nursing and Midwifery, 2020, 11(3), pp. 143\u2013151<\/li>\n<li><a href=\"https:\/\/www.researchgate.net\/publication\/335203585_Phenomenological_study_the_experiences_of_patients_with_nasopharyngeal_cancer_after_undergoing_chemoradiation\">Phenomenological study: the experiences of patients with nasopharyngeal cancer after undergoing chemoradiation<\/a><br \/>\nU Sucipto, A Waluyo, S Yona<br \/>\nBMC nursing 18 (1), 1-6, 2019<\/li>\n<li><a href=\"https:\/\/www.researchgate.net\/publication\/333788148_Verbal_Learning_and_Memory_Function_and_the_Influencing_Factors_on_Breast_Cancer_Survivors_A_Cross-Sectional_Study\">Verbal learning and memory function and the influencing factors on breast cancer survivors: a cross-sectional study<\/a><br \/>\nH Syarif, AH Waluyo, Y Afiyanti, M Mansyur<br \/>\nAsian\/Pacific Island Nursing Journal 4 (2), 77, 2019<\/li>\n<\/ul>\n<\/td>\n<\/tr>\n<tr>\n<td style=\"width: 13.809%;\"><\/td>\n<td style=\"width: 85.2705%;\"><\/td>\n<\/tr>\n<\/tbody>\n<\/table>\n<p>&nbsp;<\/p>","protected":false},"excerpt":{"rendered":"<p>&nbsp; &nbsp; Prof. Agung Waluyo, S.Kp, M.Sc, P.hD Professor | Department of Medical Surgical Nursing Contact Building &amp; Room : Gedung E Rumpun Ilmu Kesehatan lt. 7, Ruang Departemen Keperawatan Medikal Bedah Address (office) : Jl. Prof. Dr. Bahder Djohan, Kampus UI Depok Email : agungwss@ui.ac.id Education Doctoral Program, College of Nursing, University of Illinois [&hellip;]<\/p>","protected":false},"author":42,"featured_media":0,"parent":0,"menu_order":0,"comment_status":"closed","ping_status":"closed","template":"","meta":{"_monsterinsights_skip_tracking":false,"_monsterinsights_sitenote_active":false,"_monsterinsights_sitenote_note":"","_monsterinsights_sitenote_category":0,"footnotes":""},"class_list":["post-2156924","page","type-page","status-publish","hentry"],"_links":{"self":[{"href":"https:\/\/nursing.ui.ac.id\/en\/wp-json\/wp\/v2\/pages\/2156924","targetHints":{"allow":["GET"]}}],"collection":[{"href":"https:\/\/nursing.ui.ac.id\/en\/wp-json\/wp\/v2\/pages"}],"about":[{"href":"https:\/\/nursing.ui.ac.id\/en\/wp-json\/wp\/v2\/types\/page"}],"author":[{"embeddable":true,"href":"https:\/\/nursing.ui.ac.id\/en\/wp-json\/wp\/v2\/users\/42"}],"replies":[{"embeddable":true,"href":"https:\/\/nursing.ui.ac.id\/en\/wp-json\/wp\/v2\/comments?post=2156924"}],"version-history":[{"count":1,"href":"https:\/\/nursing.ui.ac.id\/en\/wp-json\/wp\/v2\/pages\/2156924\/revisions"}],"predecessor-version":[{"id":2208069,"href":"https:\/\/nursing.ui.ac.id\/en\/wp-json\/wp\/v2\/pages\/2156924\/revisions\/2208069"}],"wp:attachment":[{"href":"https:\/\/nursing.ui.ac.id\/en\/wp-json\/wp\/v2\/media?parent=2156924"}],"curies":[{"name":"wp","href":"https:\/\/api.w.org\/{rel}","templated":true}]}}